{"id":18,"date":"2020-07-16T16:24:48","date_gmt":"2020-07-16T20:24:48","guid":{"rendered":"https:\/\/www.coinmocolina.com\/?page_id=18"},"modified":"2020-07-17T11:04:36","modified_gmt":"2020-07-17T15:04:36","slug":"servicios","status":"publish","type":"page","link":"https:\/\/www.coinmocolina.com\/index.php\/servicios\/","title":{"rendered":"Servicios"},"content":{"rendered":"\t\t<div data-elementor-type=\"wp-page\" data-elementor-id=\"18\" class=\"elementor elementor-18\" data-elementor-settings=\"[]\">\n\t\t\t<div class=\"elementor-inner\">\n\t\t\t\t<div class=\"elementor-section-wrap\">\n\t\t\t\t\t\t\t<section class=\"elementor-element elementor-element-b38cb5b elementor-section-boxed elementor-section-height-default elementor-section-height-default elementor-section elementor-top-section\" data-id=\"b38cb5b\" data-element_type=\"section\">\n\t\t\t\t\t\t<div class=\"elementor-container elementor-column-gap-default\">\n\t\t\t\t<div class=\"elementor-row\">\n\t\t\t\t<div class=\"elementor-element elementor-element-00df68a elementor-column elementor-col-50 elementor-top-column\" data-id=\"00df68a\" data-element_type=\"column\">\n\t\t\t<div class=\"elementor-column-wrap  elementor-element-populated\">\n\t\t\t\t\t<div class=\"elementor-widget-wrap\">\n\t\t\t\t<div class=\"elementor-element elementor-element-7fc06bf elementor-widget elementor-widget-heading\" data-id=\"7fc06bf\" data-element_type=\"widget\" data-widget_type=\"heading.default\">\n\t\t\t\t<div class=\"elementor-widget-container\">\n\t\t\t<h2 class=\"elementor-heading-title elementor-size-default\">Servicios. <\/h2>\t\t<\/div>\n\t\t\t\t<\/div>\n\t\t\t\t<div class=\"elementor-element elementor-element-9e9fbae elementor-widget elementor-widget-text-editor\" data-id=\"9e9fbae\" data-element_type=\"widget\" data-widget_type=\"text-editor.default\">\n\t\t\t\t<div class=\"elementor-widget-container\">\n\t\t\t\t\t<div class=\"elementor-text-editor elementor-clearfix\"><div class=\"one_half\"><ul><li>Dise\u00f1o y construcci\u00f3n de obras civiles y arquitect\u00f3nicas<\/li><li>Remodelaci\u00f3n y adecuaci\u00f3n de infraestructura<\/li><li>Comercializaci\u00f3n de Bienes inmuebles<\/li><li>Alcantarillado<\/li><li>Gerencia de proyectos<\/li><li>Levantamientos topogr\u00e1ficos y planim\u00e9tricos<\/li><li>Fiscalizaci\u00f3n de obras civiles<\/li><\/ul><\/div><\/div>\n\t\t\t\t<\/div>\n\t\t\t\t<\/div>\n\t\t\t\t\t\t<\/div>\n\t\t\t<\/div>\n\t\t<\/div>\n\t\t\t\t<div class=\"elementor-element elementor-element-7a2ab8b elementor-column elementor-col-50 elementor-top-column\" data-id=\"7a2ab8b\" data-element_type=\"column\">\n\t\t\t<div class=\"elementor-column-wrap  elementor-element-populated\">\n\t\t\t\t\t<div class=\"elementor-widget-wrap\">\n\t\t\t\t<div class=\"elementor-element elementor-element-c3a06da elementor-widget elementor-widget-image\" data-id=\"c3a06da\" data-element_type=\"widget\" data-widget_type=\"image.default\">\n\t\t\t\t<div class=\"elementor-widget-container\">\n\t\t\t\t\t<div class=\"elementor-image\">\n\t\t\t\t\t\t\t\t\t\t<img width=\"1024\" height=\"607\" src=\"https:\/\/www.coinmocolina.com\/wp-content\/uploads\/2020\/07\/fleur-dQf7RZhMOJU-unsplash-1170x694-1-1024x607.jpg\" class=\"attachment-large size-large\" alt=\"\" loading=\"lazy\" srcset=\"https:\/\/www.coinmocolina.com\/wp-content\/uploads\/2020\/07\/fleur-dQf7RZhMOJU-unsplash-1170x694-1-1024x607.jpg 1024w, https:\/\/www.coinmocolina.com\/wp-content\/uploads\/2020\/07\/fleur-dQf7RZhMOJU-unsplash-1170x694-1-300x178.jpg 300w, https:\/\/www.coinmocolina.com\/wp-content\/uploads\/2020\/07\/fleur-dQf7RZhMOJU-unsplash-1170x694-1-768x456.jpg 768w, https:\/\/www.coinmocolina.com\/wp-content\/uploads\/2020\/07\/fleur-dQf7RZhMOJU-unsplash-1170x694-1.jpg 1170w\" sizes=\"(max-width: 1024px) 100vw, 1024px\" \/>\t\t\t\t\t\t\t\t\t\t\t<\/div>\n\t\t\t\t<\/div>\n\t\t\t\t<\/div>\n\t\t\t\t\t\t<\/div>\n\t\t\t<\/div>\n\t\t<\/div>\n\t\t\t\t\t\t<\/div>\n\t\t\t<\/div>\n\t\t<\/section>\n\t\t\t\t\t\t<\/div>\n\t\t\t<\/div>\n\t\t<\/div>\n\t\t","protected":false},"excerpt":{"rendered":"<p>Servicios. Dise\u00f1o y construcci\u00f3n de obras civiles y arquitect\u00f3nicas Remodelaci\u00f3n y adecuaci\u00f3n de infraestructura Comercializaci\u00f3n de Bienes inmuebles Alcantarillado Gerencia de proyectos Levantamientos topogr\u00e1ficos y planim\u00e9tricos Fiscalizaci\u00f3n de obras civiles<\/p>\n","protected":false},"author":1,"featured_media":0,"parent":0,"menu_order":0,"comment_status":"closed","ping_status":"closed","template":"","meta":[],"_links":{"self":[{"href":"https:\/\/www.coinmocolina.com\/index.php\/wp-json\/wp\/v2\/pages\/18"}],"collection":[{"href":"https:\/\/www.coinmocolina.com\/index.php\/wp-json\/wp\/v2\/pages"}],"about":[{"href":"https:\/\/www.coinmocolina.com\/index.php\/wp-json\/wp\/v2\/types\/page"}],"author":[{"embeddable":true,"href":"https:\/\/www.coinmocolina.com\/index.php\/wp-json\/wp\/v2\/users\/1"}],"replies":[{"embeddable":true,"href":"https:\/\/www.coinmocolina.com\/index.php\/wp-json\/wp\/v2\/comments?post=18"}],"version-history":[{"count":5,"href":"https:\/\/www.coinmocolina.com\/index.php\/wp-json\/wp\/v2\/pages\/18\/revisions"}],"predecessor-version":[{"id":126,"href":"https:\/\/www.coinmocolina.com\/index.php\/wp-json\/wp\/v2\/pages\/18\/revisions\/126"}],"wp:attachment":[{"href":"https:\/\/www.coinmocolina.com\/index.php\/wp-json\/wp\/v2\/media?parent=18"}],"curies":[{"name":"wp","href":"https:\/\/api.w.org\/{rel}","templated":true}]}}