{"id":16,"date":"2020-07-16T16:24:24","date_gmt":"2020-07-16T20:24:24","guid":{"rendered":"https:\/\/www.coinmocolina.com\/?page_id=16"},"modified":"2020-07-16T21:00:20","modified_gmt":"2020-07-17T01:00:20","slug":"quienes-somos","status":"publish","type":"page","link":"https:\/\/www.coinmocolina.com\/index.php\/quienes-somos\/","title":{"rendered":"Quienes Somos"},"content":{"rendered":"\t\t<div data-elementor-type=\"wp-page\" data-elementor-id=\"16\" class=\"elementor elementor-16\" data-elementor-settings=\"[]\">\n\t\t\t<div class=\"elementor-inner\">\n\t\t\t\t<div class=\"elementor-section-wrap\">\n\t\t\t\t\t\t\t<section class=\"elementor-element elementor-element-9ce8d7f elementor-section-boxed elementor-section-height-default elementor-section-height-default elementor-section elementor-top-section\" data-id=\"9ce8d7f\" data-element_type=\"section\">\n\t\t\t\t\t\t<div class=\"elementor-container elementor-column-gap-default\">\n\t\t\t\t<div class=\"elementor-row\">\n\t\t\t\t<div class=\"elementor-element elementor-element-6cb687d elementor-column elementor-col-100 elementor-top-column\" data-id=\"6cb687d\" data-element_type=\"column\">\n\t\t\t<div class=\"elementor-column-wrap  elementor-element-populated\">\n\t\t\t\t\t<div class=\"elementor-widget-wrap\">\n\t\t\t\t<div class=\"elementor-element elementor-element-cdb912a elementor-widget elementor-widget-heading\" data-id=\"cdb912a\" data-element_type=\"widget\" data-widget_type=\"heading.default\">\n\t\t\t\t<div class=\"elementor-widget-container\">\n\t\t\t<h2 class=\"elementor-heading-title elementor-size-default\">\u00bfQuienes Somos?<\/h2>\t\t<\/div>\n\t\t\t\t<\/div>\n\t\t\t\t<div class=\"elementor-element elementor-element-d7c60ac elementor-widget elementor-widget-text-editor\" data-id=\"d7c60ac\" data-element_type=\"widget\" data-widget_type=\"text-editor.default\">\n\t\t\t\t<div class=\"elementor-widget-container\">\n\t\t\t\t\t<div class=\"elementor-text-editor elementor-clearfix\"><p>Comercializadora-inmobiliaria y Constructora La Colina, COINMOCOLINA CIA LTDA., es una empresa ecuatoriana dedica a atender las necesidades de la industria de la construcci\u00f3n, mediante la oferta de una l\u00ednea completa de servicios humanos, t\u00e9cnicos y equipos para satisfacer los requerimientos del \u00e1rea de la construcci\u00f3n.<\/p><\/div>\n\t\t\t\t<\/div>\n\t\t\t\t<\/div>\n\t\t\t\t\t\t<\/div>\n\t\t\t<\/div>\n\t\t<\/div>\n\t\t\t\t\t\t<\/div>\n\t\t\t<\/div>\n\t\t<\/section>\n\t\t\t\t<section class=\"elementor-element elementor-element-5d7a99b elementor-section-boxed elementor-section-height-default elementor-section-height-default elementor-section elementor-top-section\" data-id=\"5d7a99b\" data-element_type=\"section\">\n\t\t\t\t\t\t<div class=\"elementor-container elementor-column-gap-default\">\n\t\t\t\t<div class=\"elementor-row\">\n\t\t\t\t<div class=\"elementor-element elementor-element-fd642bd elementor-column elementor-col-100 elementor-top-column\" data-id=\"fd642bd\" data-element_type=\"column\">\n\t\t\t<div class=\"elementor-column-wrap  elementor-element-populated\">\n\t\t\t\t\t<div class=\"elementor-widget-wrap\">\n\t\t\t\t<div class=\"elementor-element elementor-element-bdfdcd7 elementor-tabs-view-horizontal elementor-widget elementor-widget-tabs\" data-id=\"bdfdcd7\" data-element_type=\"widget\" data-widget_type=\"tabs.default\">\n\t\t\t\t<div class=\"elementor-widget-container\">\n\t\t\t\t\t<div class=\"elementor-tabs\" role=\"tablist\">\n\t\t\t<div class=\"elementor-tabs-wrapper\">\n\t\t\t\t\t\t\t\t\t<div id=\"elementor-tab-title-1991\" class=\"elementor-tab-title elementor-tab-desktop-title\" data-tab=\"1\" role=\"tab\" aria-controls=\"elementor-tab-content-1991\"><a href=\"\">MISI\u00d3N<\/a><\/div>\n\t\t\t\t\t\t\t\t\t<div id=\"elementor-tab-title-1992\" class=\"elementor-tab-title elementor-tab-desktop-title\" data-tab=\"2\" role=\"tab\" aria-controls=\"elementor-tab-content-1992\"><a href=\"\">VISI\u00d3N<\/a><\/div>\n\t\t\t\t\t\t\t\t\t<div id=\"elementor-tab-title-1993\" class=\"elementor-tab-title elementor-tab-desktop-title\" data-tab=\"3\" role=\"tab\" aria-controls=\"elementor-tab-content-1993\"><a href=\"\">OBJETIVOS CORPORATIVOS<\/a><\/div>\n\t\t\t\t\t\t\t\t\t<div id=\"elementor-tab-title-1994\" class=\"elementor-tab-title elementor-tab-desktop-title\" data-tab=\"4\" role=\"tab\" aria-controls=\"elementor-tab-content-1994\"><a href=\"\">VALORES<\/a><\/div>\n\t\t\t\t\t\t\t<\/div>\n\t\t\t<div class=\"elementor-tabs-content-wrapper\">\n\t\t\t\t\t\t\t\t\t<div class=\"elementor-tab-title elementor-tab-mobile-title\" data-tab=\"1\" role=\"tab\">MISI\u00d3N<\/div>\n\t\t\t\t\t<div id=\"elementor-tab-content-1991\" class=\"elementor-tab-content elementor-clearfix\" data-tab=\"1\" role=\"tabpanel\" aria-labelledby=\"elementor-tab-title-1991\"><p>Desarrollar y proporcionar servicios de ingenier\u00eda civil, construcci\u00f3n e inmobiliarios de alta calidad, a clientes que valoran el ingenio, la creatividad y diligencia del trabajo comprometido de profesionales con pensamiento innovador, esp\u00edritu de asociaci\u00f3n y transparencia.<\/p><p><img loading=\"lazy\" class=\"aligncenter wp-image-32 size-full\" src=\"https:\/\/www.coinmocolina.com\/wp-content\/uploads\/2020\/07\/preConstructionMainImage.jpg\" alt=\"\" width=\"637\" height=\"603\" srcset=\"https:\/\/www.coinmocolina.com\/wp-content\/uploads\/2020\/07\/preConstructionMainImage.jpg 637w, https:\/\/www.coinmocolina.com\/wp-content\/uploads\/2020\/07\/preConstructionMainImage-300x284.jpg 300w\" sizes=\"(max-width: 637px) 100vw, 637px\" \/><\/p><\/div>\n\t\t\t\t\t\t\t\t\t<div class=\"elementor-tab-title elementor-tab-mobile-title\" data-tab=\"2\" role=\"tab\">VISI\u00d3N<\/div>\n\t\t\t\t\t<div id=\"elementor-tab-content-1992\" class=\"elementor-tab-content elementor-clearfix\" data-tab=\"2\" role=\"tabpanel\" aria-labelledby=\"elementor-tab-title-1992\"><p>Ser una empresa l\u00edder en el mercado nacional e internacional, creando compromisos de satisfacci\u00f3n que permitan ampliar horizontes y vincular a nuestros clientes con la continuo progreso de las acciones confiadas a nuestro cuidado.<\/p><\/div>\n\t\t\t\t\t\t\t\t\t<div class=\"elementor-tab-title elementor-tab-mobile-title\" data-tab=\"3\" role=\"tab\">OBJETIVOS CORPORATIVOS<\/div>\n\t\t\t\t\t<div id=\"elementor-tab-content-1993\" class=\"elementor-tab-content elementor-clearfix\" data-tab=\"3\" role=\"tabpanel\" aria-labelledby=\"elementor-tab-title-1993\"><p>\u00a0<\/p><ul><li>Concebir, planificar, ejecutar, reparar, remodelar y ampliar todo tipo de obras civiles, el\u00e9ctricas e hidr\u00e1ulicas para personas naturales o jur\u00eddicas, p\u00fablicas o privadas.<\/li><li>Exportar, importar y comercializar bienes relativos a la industria de la construcci\u00f3n.<\/li><li>Promocionar proyectos de obras de Ingenier\u00eda Civil y Arquitect\u00f3nicos.<\/li><li>Promocionar compra-venta de bienes inmuebles<\/li><li>Representar en el Ecuador a personas naturales y compa\u00f1\u00edas extranjeras que produzcan o comercialicen maquinaria, bienes e insumos relativos a la construcci\u00f3n de obras civiles de toda naturaleza.<\/li><\/ul><p><img loading=\"lazy\" class=\"aligncenter wp-image-36 size-full\" src=\"https:\/\/www.coinmocolina.com\/wp-content\/uploads\/2020\/07\/objetivos.jpg\" alt=\"\" width=\"630\" height=\"315\" srcset=\"https:\/\/www.coinmocolina.com\/wp-content\/uploads\/2020\/07\/objetivos.jpg 630w, https:\/\/www.coinmocolina.com\/wp-content\/uploads\/2020\/07\/objetivos-300x150.jpg 300w\" sizes=\"(max-width: 630px) 100vw, 630px\" \/><\/p><p>\u00a0<\/p><\/div>\n\t\t\t\t\t\t\t\t\t<div class=\"elementor-tab-title elementor-tab-mobile-title\" data-tab=\"4\" role=\"tab\">VALORES<\/div>\n\t\t\t\t\t<div id=\"elementor-tab-content-1994\" class=\"elementor-tab-content elementor-clearfix\" data-tab=\"4\" role=\"tabpanel\" aria-labelledby=\"elementor-tab-title-1994\"><ul><li>Ser un socio seguro y confiable para nuestros clientes<\/li><li>Brindar calidad en todas las etapas de los proyectos<\/li><li>Ofrecer un servicio personalizado.<\/li><li>Proveer un nivel competitivo y accesible de costos<\/li><\/ul><\/div>\n\t\t\t\t\t\t\t<\/div>\n\t\t<\/div>\n\t\t\t\t<\/div>\n\t\t\t\t<\/div>\n\t\t\t\t\t\t<\/div>\n\t\t\t<\/div>\n\t\t<\/div>\n\t\t\t\t\t\t<\/div>\n\t\t\t<\/div>\n\t\t<\/section>\n\t\t\t\t\t\t<\/div>\n\t\t\t<\/div>\n\t\t<\/div>\n\t\t","protected":false},"excerpt":{"rendered":"<p>\u00bfQuienes Somos? Comercializadora-inmobiliaria y Constructora La Colina, COINMOCOLINA CIA LTDA., es una empresa ecuatoriana dedica a atender las necesidades de la industria de la construcci\u00f3n, mediante la oferta de una l\u00ednea completa de servicios humanos, t\u00e9cnicos y equipos para satisfacer los requerimientos del \u00e1rea de la construcci\u00f3n. MISI\u00d3N VISI\u00d3N OBJETIVOS CORPORATIVOS VALORES MISI\u00d3N Desarrollar y [&hellip;]<\/p>\n","protected":false},"author":1,"featured_media":0,"parent":0,"menu_order":0,"comment_status":"closed","ping_status":"closed","template":"","meta":[],"_links":{"self":[{"href":"https:\/\/www.coinmocolina.com\/index.php\/wp-json\/wp\/v2\/pages\/16"}],"collection":[{"href":"https:\/\/www.coinmocolina.com\/index.php\/wp-json\/wp\/v2\/pages"}],"about":[{"href":"https:\/\/www.coinmocolina.com\/index.php\/wp-json\/wp\/v2\/types\/page"}],"author":[{"embeddable":true,"href":"https:\/\/www.coinmocolina.com\/index.php\/wp-json\/wp\/v2\/users\/1"}],"replies":[{"embeddable":true,"href":"https:\/\/www.coinmocolina.com\/index.php\/wp-json\/wp\/v2\/comments?post=16"}],"version-history":[{"count":9,"href":"https:\/\/www.coinmocolina.com\/index.php\/wp-json\/wp\/v2\/pages\/16\/revisions"}],"predecessor-version":[{"id":117,"href":"https:\/\/www.coinmocolina.com\/index.php\/wp-json\/wp\/v2\/pages\/16\/revisions\/117"}],"wp:attachment":[{"href":"https:\/\/www.coinmocolina.com\/index.php\/wp-json\/wp\/v2\/media?parent=16"}],"curies":[{"name":"wp","href":"https:\/\/api.w.org\/{rel}","templated":true}]}}