{"id":14,"date":"2020-07-16T16:23:55","date_gmt":"2020-07-16T20:23:55","guid":{"rendered":"https:\/\/www.coinmocolina.com\/?page_id=14"},"modified":"2022-03-25T17:42:09","modified_gmt":"2022-03-25T21:42:09","slug":"inicio","status":"publish","type":"page","link":"https:\/\/www.coinmocolina.com\/","title":{"rendered":"Inicio"},"content":{"rendered":"\t\t<div data-elementor-type=\"wp-page\" data-elementor-id=\"14\" class=\"elementor elementor-14\" data-elementor-settings=\"[]\">\n\t\t\t<div class=\"elementor-inner\">\n\t\t\t\t<div class=\"elementor-section-wrap\">\n\t\t\t\t\t\t\t<section class=\"elementor-element elementor-element-7ba5ade elementor-section-boxed elementor-section-height-default elementor-section-height-default elementor-section elementor-top-section\" data-id=\"7ba5ade\" data-element_type=\"section\">\n\t\t\t\t\t\t<div class=\"elementor-container elementor-column-gap-default\">\n\t\t\t\t<div class=\"elementor-row\">\n\t\t\t\t<div class=\"elementor-element elementor-element-3601224 elementor-column elementor-col-100 elementor-top-column\" data-id=\"3601224\" data-element_type=\"column\">\n\t\t\t<div class=\"elementor-column-wrap  elementor-element-populated\">\n\t\t\t\t\t<div class=\"elementor-widget-wrap\">\n\t\t\t\t<div class=\"elementor-element elementor-element-08a11bd elementor-widget elementor-widget-heading\" data-id=\"08a11bd\" data-element_type=\"widget\" data-widget_type=\"heading.default\">\n\t\t\t\t<div class=\"elementor-widget-container\">\n\t\t\t<h2 class=\"elementor-heading-title elementor-size-default\"><div id=\"metaslider-id-43685\" style=\"max-width: 780px; margin: 0 auto;\" class=\"ml-slider-3-27-3 metaslider metaslider-nivo metaslider-43685 ml-slider\">\n    <div id=\"metaslider_container_43685\">\n        <div class='slider-wrapper theme-default'><div class='ribbon'><\/div><div id='metaslider_43685' class='nivoSlider'><a href=\"https:\/\/goethive.com\/coinmocolina\" target=\"_blank\"><img width=\"780\" height=\"500\" src=\"https:\/\/www.coinmocolina.com\/wp-content\/uploads\/2022\/03\/BannerWeb-04.jpg\" class=\"slider-43685 slide-43686\" alt=\"\" loading=\"lazy\" data-caption=\"\" data-thumb=\"\" title=\"BannerWeb-04\" rel=\"\" srcset=\"https:\/\/www.coinmocolina.com\/wp-content\/uploads\/2022\/03\/BannerWeb-04.jpg 780w, https:\/\/www.coinmocolina.com\/wp-content\/uploads\/2022\/03\/BannerWeb-04-300x192.jpg 300w, https:\/\/www.coinmocolina.com\/wp-content\/uploads\/2022\/03\/BannerWeb-04-768x492.jpg 768w, https:\/\/www.coinmocolina.com\/wp-content\/uploads\/2022\/03\/BannerWeb-04-390x250.jpg 390w\" sizes=\"(max-width: 780px) 100vw, 780px\" \/><\/a><a href=\"https:\/\/www.coinmocolina.com\/index.php\/quienes-somos\/\" target=\"_self\"><img width=\"780\" height=\"500\" src=\"https:\/\/www.coinmocolina.com\/wp-content\/uploads\/2022\/03\/BannerWeb-01.jpg\" class=\"slider-43685 slide-43688\" alt=\"\" loading=\"lazy\" data-caption=\"\" data-thumb=\"\" title=\"BannerWeb-01\" rel=\"\" srcset=\"https:\/\/www.coinmocolina.com\/wp-content\/uploads\/2022\/03\/BannerWeb-01.jpg 780w, https:\/\/www.coinmocolina.com\/wp-content\/uploads\/2022\/03\/BannerWeb-01-300x192.jpg 300w, https:\/\/www.coinmocolina.com\/wp-content\/uploads\/2022\/03\/BannerWeb-01-768x492.jpg 768w, https:\/\/www.coinmocolina.com\/wp-content\/uploads\/2022\/03\/BannerWeb-01-390x250.jpg 390w\" sizes=\"(max-width: 780px) 100vw, 780px\" \/><\/a><a href=\"https:\/\/www.coinmocolina.com\/index.php\/proyectos\/\" target=\"_self\"><img width=\"780\" height=\"500\" src=\"https:\/\/www.coinmocolina.com\/wp-content\/uploads\/2022\/03\/BannerWeb-03.jpg\" class=\"slider-43685 slide-43689\" alt=\"\" loading=\"lazy\" data-caption=\"\" data-thumb=\"\" title=\"BannerWeb-03\" rel=\"\" srcset=\"https:\/\/www.coinmocolina.com\/wp-content\/uploads\/2022\/03\/BannerWeb-03.jpg 780w, https:\/\/www.coinmocolina.com\/wp-content\/uploads\/2022\/03\/BannerWeb-03-300x192.jpg 300w, https:\/\/www.coinmocolina.com\/wp-content\/uploads\/2022\/03\/BannerWeb-03-768x492.jpg 768w, https:\/\/www.coinmocolina.com\/wp-content\/uploads\/2022\/03\/BannerWeb-03-390x250.jpg 390w\" sizes=\"(max-width: 780px) 100vw, 780px\" \/><\/a><a href=\"https:\/\/www.coinmocolina.com\/index.php\/contactos\/\" target=\"_self\"><img width=\"780\" height=\"500\" src=\"https:\/\/www.coinmocolina.com\/wp-content\/uploads\/2022\/03\/BannerWeb-02.jpg\" class=\"slider-43685 slide-43687\" alt=\"\" loading=\"lazy\" data-caption=\"\" data-thumb=\"\" title=\"BannerWeb-02\" rel=\"\" srcset=\"https:\/\/www.coinmocolina.com\/wp-content\/uploads\/2022\/03\/BannerWeb-02.jpg 780w, https:\/\/www.coinmocolina.com\/wp-content\/uploads\/2022\/03\/BannerWeb-02-300x192.jpg 300w, https:\/\/www.coinmocolina.com\/wp-content\/uploads\/2022\/03\/BannerWeb-02-768x492.jpg 768w, https:\/\/www.coinmocolina.com\/wp-content\/uploads\/2022\/03\/BannerWeb-02-390x250.jpg 390w\" sizes=\"(max-width: 780px) 100vw, 780px\" \/><\/a><\/div><\/div>\n        \n    <\/div>\n<\/div><\/h2>\t\t<\/div>\n\t\t\t\t<\/div>\n\t\t\t\t\t\t<\/div>\n\t\t\t<\/div>\n\t\t<\/div>\n\t\t\t\t\t\t<\/div>\n\t\t\t<\/div>\n\t\t<\/section>\n\t\t\t\t<section class=\"elementor-element elementor-element-92ac905 elementor-section-boxed elementor-section-height-default elementor-section-height-default elementor-section elementor-top-section\" data-id=\"92ac905\" data-element_type=\"section\">\n\t\t\t\t\t\t<div class=\"elementor-container elementor-column-gap-default\">\n\t\t\t\t<div class=\"elementor-row\">\n\t\t\t\t<div class=\"elementor-element elementor-element-3a26a90 elementor-column elementor-col-100 elementor-top-column\" data-id=\"3a26a90\" data-element_type=\"column\">\n\t\t\t<div class=\"elementor-column-wrap  elementor-element-populated\">\n\t\t\t\t\t<div class=\"elementor-widget-wrap\">\n\t\t\t\t<div class=\"elementor-element elementor-element-8e32d87 elementor-widget elementor-widget-text-editor\" data-id=\"8e32d87\" data-element_type=\"widget\" data-widget_type=\"text-editor.default\">\n\t\t\t\t<div class=\"elementor-widget-container\">\n\t\t\t\t\t<div class=\"elementor-text-editor elementor-clearfix\"><div id=\"content\" class=\"sixteen columns\"><article id=\"post-77\" class=\"post-77 page type-page status-publish hentry\"><div class=\"entry\"><p>Somos \u00a0una empresa ecuatoriana dedica a atender las necesidades de la industria de la construcci\u00f3n, mediante la oferta de una l\u00ednea completa de servicios humanos, t\u00e9cnicos y equipos para\u00a0 satisfacer los requerimientos del \u00e1rea de la construcci\u00f3n.<\/p><\/div><\/article><\/div><\/div>\n\t\t\t\t<\/div>\n\t\t\t\t<\/div>\n\t\t\t\t\t\t<\/div>\n\t\t\t<\/div>\n\t\t<\/div>\n\t\t\t\t\t\t<\/div>\n\t\t\t<\/div>\n\t\t<\/section>\n\t\t\t\t\t\t<\/div>\n\t\t\t<\/div>\n\t\t<\/div>\n\t\t","protected":false},"excerpt":{"rendered":"<p>Somos \u00a0una empresa ecuatoriana dedica a atender las necesidades de la industria de la construcci\u00f3n, mediante la oferta de una l\u00ednea completa de servicios humanos, t\u00e9cnicos y equipos para\u00a0 satisfacer los requerimientos del \u00e1rea de la construcci\u00f3n.<\/p>\n","protected":false},"author":1,"featured_media":0,"parent":0,"menu_order":0,"comment_status":"closed","ping_status":"closed","template":"","meta":[],"_links":{"self":[{"href":"https:\/\/www.coinmocolina.com\/index.php\/wp-json\/wp\/v2\/pages\/14"}],"collection":[{"href":"https:\/\/www.coinmocolina.com\/index.php\/wp-json\/wp\/v2\/pages"}],"about":[{"href":"https:\/\/www.coinmocolina.com\/index.php\/wp-json\/wp\/v2\/types\/page"}],"author":[{"embeddable":true,"href":"https:\/\/www.coinmocolina.com\/index.php\/wp-json\/wp\/v2\/users\/1"}],"replies":[{"embeddable":true,"href":"https:\/\/www.coinmocolina.com\/index.php\/wp-json\/wp\/v2\/comments?post=14"}],"version-history":[{"count":9,"href":"https:\/\/www.coinmocolina.com\/index.php\/wp-json\/wp\/v2\/pages\/14\/revisions"}],"predecessor-version":[{"id":43691,"href":"https:\/\/www.coinmocolina.com\/index.php\/wp-json\/wp\/v2\/pages\/14\/revisions\/43691"}],"wp:attachment":[{"href":"https:\/\/www.coinmocolina.com\/index.php\/wp-json\/wp\/v2\/media?parent=14"}],"curies":[{"name":"wp","href":"https:\/\/api.w.org\/{rel}","templated":true}]}}